{"id":98,"date":"2022-07-27T13:00:01","date_gmt":"2022-07-27T13:00:01","guid":{"rendered":"https:\/\/farmstayslovenia.com\/?page_id=98"},"modified":"2022-08-08T13:33:39","modified_gmt":"2022-08-08T13:33:39","slug":"trajnostni-razvoj","status":"publish","type":"page","link":"https:\/\/farmstayslovenia.com\/sl\/trajnostni-razvoj\/","title":{"rendered":"Trajnostni razvoj"},"content":{"rendered":"<h2 class=\"wp-block-heading\">IZJAVA O POSLANSTVU<\/h2>\n\n\n\n<p>Smo v prihodnost usmerjena incoming potovalna agencija, katere poslanstvo je na\u0161im strankam zagotoviti edinstveno lokalno izku\u0161njo in lokalno ponudbo dopolniti z razli\u010dnimi dejavnostmi. To po\u010dnemo ob spodbujanju kulturnega in okolju prijaznega udejstvovanja prek tesnih povezav z lokalnimi ponudniki. Menimo, da je na\u0161a dol\u017enost neposredno sodelovati z dobavitelji, strankami in \u0161ir\u0161o skupnostjo ter spodbujati trajnost z izobra\u017eevanjem ter ohranjanjem kulturnih in naravnih virov na na\u0161ih destinacijah.<\/p>\n\n\n\n<p>TRAJNOSTNA POLITIKA DRU\u017dBE HUD D.O.O.<\/p>\n\n\n\n<p>Posve\u010damo se varovanju okolja in zmanj\u0161evanju negativnih vplivov na naravo. Zavezujemo se, da bomo za ohranjanje okolja ravnali na naslednji na\u010din:<\/p>\n\n\n\n<ul class=\"wp-block-list\"><li>spo\u0161tovanje zakonodaje o varstvu okolja,<\/li><li>spremljanje vplivov na\u0161ih dejavnosti na okolje,<\/li><li>izpolnjevanje ciljev in ukrepov, dolo\u010denih v politiki trajnostnega razvoja,<\/li><li>izobra\u017eevati zaposlene o na\u0161i politiki, ciljih in ukrepih na podro\u010dju trajnostnega razvoja.<\/li><li>obve\u0161\u010danje gostov in dobaviteljev o na\u0161ih prizadevanjih za zmanj\u0161anje negativnih vplivov na\u0161ih dejavnosti na okolje ter spodbujanje njihovega sodelovanja in podpore,<\/li><li>spodbujanje trajnostne mobilnosti in drugih okolju prijaznih praks med na\u0161imi zaposlenimi.<\/li><\/ul>\n\n\n\n<p>Posebno pozornost namenjamo naslednjim podro\u010djem:<\/p>\n\n\n\n<h3 class=\"wp-block-heading\">PORABA ENERGIJE<\/h3>\n\n\n\n<p>Na\u0161e podjetje je zavezano k nenehnemu izbolj\u0161evanju svoje energetske u\u010dinkovitosti in zmanj\u0161evanju emisij toplogrednih plinov.<\/p>\n\n\n\n<p>Za doseganje ciljev bo podjetje:<\/p>\n\n\n\n<ol class=\"wp-block-list\"><li>Zmanj\u0161anje potreb po energiji pri svojem poslovanju: Aparati in elektronika - nakup energetsko u\u010dinkovitih izdelkov in njihovo u\u010dinkovito delovanje. Uporabljajte napredne napajalne trakove, da zmanj\u0161ate \"vampirske obremenitve\" -&gt; elektri\u010dno energijo, ki se izgublja, ko elektronika ni v uporabi. Razsvetljava -&gt; nakup energetsko u\u010dinkovitih izdelkov, njihovo u\u010dinkovito delovanje in vklju\u010ditev ve\u010d dnevne svetlobe v na\u0161o pisarno z uporabo energetsko u\u010dinkovitih oken in stre\u0161nih oken. Elektri\u010dno ogrevanje in hlajenje prostorov -&gt; nakup energetsko u\u010dinkovitih elektri\u010dnih sistemov in njihovo u\u010dinkovito delovanje. Ustrezno izolirajte in zatesnite na\u0161o pisarno.  Elektri\u010dno ogrevanje vode -&gt; Kupite energetsko u\u010dinkovit elektri\u010dni grelnik vode in ga u\u010dinkovito upravljajte ali izberite energetsko u\u010dinkovit grelnik vode, ki ne uporablja elektri\u010dne energije.<\/li><li>U\u010dinkovitej\u0161a raba energije<\/li><li>Oskrba z energijo iz obnovljivih virov<\/li><li>spremljanje, merjenje in poro\u010danje o podatkih o porabi in proizvodnji energije ter<\/li><li>Spodbujanje ozave\u0161\u010denosti o odgovornosti za var\u010devanje z energijo pri vseh zaposlenih, \u0161tudentih in pogodbenih izvajalcih.<\/li><\/ol>\n\n\n\n<p>Najemamo prostore v pisarni\u0161ki stavbi z okolju prijazno arhitekturo, ki s skrbno izbiro materialov in brezhibnim in\u017eeniringom drasti\u010dno zmanj\u0161uje porabo energije in toplogrednih plinov. Prezra\u010devana aluminijasta fasada s toplotno izolacijo, ve\u010dplastna zasteklitev, mo\u017enost odpiranja oken, centralni nadzorni sistem za spremljanje hlajenja\/ogrevanja in daljinsko ogrevanje dodatno prispevajo k nizkim obratovalnim stro\u0161kom.<\/p>\n\n\n\n<h3 class=\"wp-block-heading\">PORABA VODE<\/h3>\n\n\n\n<p>V podjetju Hud d.o.o. skrbno uporabljamo vodo. Ob obeh pisarni\u0161kih pipah so barvne nalepke, ki zaposlene spodbujajo k var\u010devanju z vodo.<\/p>\n\n\n\n<h3 class=\"wp-block-heading\">RAVNANJE Z ODPADKI<\/h3>\n\n\n\n<p>Prizadevamo si zmanj\u0161ati koli\u010dino odpadkov v pisarni, zlasti koli\u010dino plastike. V ta namen kupujemo blago brez ali z malo<br>pakiranje. Blago se kupuje v razsutem stanju, kadar je to mogo\u010de. Prav tako lo\u010dujemo odpadke (papir, plastiko in embala\u017eo ter steklo), ki jih nato odlagamo v ustrezne mestne zabojnike in recikliramo.<\/p>\n\n\n\n<h3 class=\"wp-block-heading\">PORABA DRUGIH VIROV (PAPIR).<\/h3>\n\n\n\n<p>Hud d.o.o., zmanj\u0161uje porabo papirja s poudarkom na digitalnem tr\u017eenju in spletnem komuniciranju. Tiskanje preostalega gradiva je skrbno in natan\u010dno na\u010drtovano, da se prepre\u010dijo ostanki neuporabljenega gradiva. Uporabljamo certificiran recikliran papir.<\/p>\n\n\n\n<h3 class=\"wp-block-heading\">KADROVSKA POLITIKA<\/h3>\n\n\n\n<p>V na\u0161em podjetju zagotavljamo dobre delovne pogoje. Spo\u0161tujemo nacionalno in mednarodno zakonodajo na podro\u010dju dela in \u010dlovekovih pravic. Zaposlenim so zagotovljeni redni programi izobra\u017eevanja in usposabljanja ter so seznanjeni s trajnostnimi politikami, cilji in ukrepi podjetja.<\/p>\n\n\n\n<h3 class=\"wp-block-heading\">NABAVNA POLITIKA<\/h3>\n\n\n\n<p>V na\u0161em podjetju Hud d.o.o. se zavedamo, da z nakupom lokalnega blaga in storitev prispevamo k blaginji lokalne skupnosti. Na\u0161a nabavna politika zato daje prednost lokalnim izdelkom ter okoljsko odgovornim izdelkom in izdelkom s certifikati o trajnosti (pravi\u010dna trgovina, ekolo\u0161ki izdelki, FSC itd.).<\/p>\n\n\n\n<p><strong>SKUPNI CILJ<\/strong><\/p>\n\n\n\n<p>Svojo strast do Slovenije in poznavanje njene narave, zgodovine in ljudi \u017eelimo deliti z na\u0161imi gosti z zagotavljanjem trajnostnih potovanj, ki so donosna za na\u0161e podjetje ter koristna za lokalne skupnosti in okolje.<\/p>\n\n\n\n<p><strong>SKUPNOSTI IN KULTURA<\/strong><\/p>\n\n\n\n<p>- Izvajati in podpirati projekte za ohranjanje in izobra\u017eevanje ter prispevati in podpirati dobrodelne organizacije in pobude v obiskanih skupnostih.<\/p>\n\n\n\n<p>- Izvedba izletov, s katerimi bi pove\u010dali koristi za kulturno dedi\u0161\u010dino obiskanih skupnosti in jih spodbudili k ohranjanju in varovanju njihove kulture.<\/p>\n\n\n\n<p>- razvijanje zmogljivosti gostiteljskih skupnosti za pre\u017eivljanje s turizmom s podporo, da se vklju\u010dijo v turisti\u010dno mre\u017eo, razumejo panogo in pridobijo dostop do trga.<\/p>\n\n\n\n<p><strong>EKONOMSKA ODGOVORNOST<\/strong><\/p>\n\n\n\n<p>- Denar naj ostane na lokalni ravni, \u010de je le mogo\u010de, kupujte lokalno in bivajte v dru\u017einskih penzionih in hotelih.<\/p>\n\n\n\n<p>- Zagotavljanje dejavnosti za ustvarjanje dohodka z zaposlovanjem, usposabljanjem in spodbujanjem lokalnega prebivalstva k sodelovanju pri izvajanju na\u0161ih potovanj in dejavnosti.<\/p>\n\n\n\n<p>- Spodbujanje na\u0161ih gostov k nakupu lokalnih obrti in storitev.<\/p>\n\n\n\n<p><strong>OKOLJSKA ODGOVORNOST<\/strong><\/p>\n\n\n\n<p>- Zagotavljanje visokokakovostnih, okolju prijaznih izletov z na\u0161im vodilnim pristopom k usposabljanju na\u0161ih vodnikov za izpolnjevanje mednarodnih standardov vodenja.<\/p>\n\n\n\n<p>- ozave\u0161\u010danje lokalnih skupnosti o pomenu varovanja naravnih dobrin Slovenije<\/p>\n\n\n\n<p>- Podpiranje in za\u010detek lokalnih projektov pogozdovanja in ohranjanja gozdov.<\/p>\n\n\n\n<p><strong>TURISTI\u010cNA INDUSTRIJA<\/strong><\/p>\n\n\n\n<p>- zagovarjanje odgovornega pristopa k razvoju turizma.<\/p>\n\n\n\n<p><strong>NA\u0160A EKIPA<\/strong><\/p>\n\n\n\n<p>- mladim zaposlenim zagotovite koristne delovne izku\u0161nje.<\/p>\n\n\n\n<p>- Osebni cilji: zaposlene \u0161e naprej podpiramo pri doseganju osebnih ciljev.<\/p>\n\n\n\n<p>- Prilagodljivo delo: \u0161e naprej zagotavljamo prilagodljivo delovno okolje in do zdaj so bile odobrene vse pro\u0161nje zaposlenih za spremembo delovnega urnika.<\/p>\n\n\n\n<p>- Usposabljanje: prispevek 50% za stro\u0161ke usposabljanja vodnikov za 2 nova vodnika do leta 2023<\/p>\n\n\n\n<p><strong>NA\u0160E NARO\u010cNICE<\/strong><\/p>\n\n\n\n<p>- Izbolj\u0161anje komunikacije o odgovornih vidikih na\u0161ih potovanj<\/p>\n\n\n\n<p>- Spodbujajte prispevke na\u0161ih gostov za podporo lokalnim otrokom iz dru\u017ein v stiski. Do leta 2024 dose\u010di znesek donacij v vi\u0161ini 10000 EUR<\/p>\n\n\n\n<h3 class=\"wp-block-heading\">NAGRADA POTOVALNEGA PARTNERJA<\/h3>\n\n\n\n<figure class=\"wp-block-image\"><img decoding=\"async\" src=\"https:\/\/farmstayslovenia.com\/wp-content\/uploads\/partner-300x117.webp\" alt=\"\" class=\"wp-image-3530\"\/><\/figure>\n\n\n\n<p>Nagrada Travelife Partner je priznanje za na\u0161o zavezanost dru\u017ebeni in okoljski trajnosti. Na podlagi preverjene samoocene izpolnjujemo ve\u010d kot 100 meril, povezanih z upravljanjem trajnosti, delovanjem pisarne, sodelovanjem z dobavitelji in komunikacijo s strankami. Prizadevamo si za nadaljnje izbolj\u0161ave, da bi s\u010dasoma dosegli stopnjo Travelife Certified, ki jo preverja tretja stranka.<\/p>\n\n\n\n<p>Ekipa podjetja Hud d.o.o. z veseljem sporo\u010da, da smo sklenili pogodbo z&nbsp;<strong>Travelife za organizatorje potovanj in potovalne agente<\/strong>&nbsp;shema. Travelife je mednarodno priznan program usposabljanja, upravljanja in certificiranja na podro\u010dju trajnosti v turizmu, ki ga je akreditiral Globalni svet za trajnostni turizem (GSTC-Global Sustainable Tourism Council). Gre za tristopenjski certifikacijski program za organizatorje potovanj in potovalne agente: (1) Travelife Engaged; (2) Travelife Partner in (3) Travelife Certified.<strong><\/strong><\/p>\n\n\n\n<p>Na\u0161i trajnostni dose\u017eki so zbrani v tem&nbsp;<a href=\"https:\/\/farmstayslovenia.com\/wp-content\/uploads\/sustainability-report-hud-d.o.o.pdf\" target=\"_blank\" rel=\"noreferrer noopener\">Poro\u010dilo o trajnostnem razvoju<\/a>.<\/p>","protected":false},"excerpt":{"rendered":"<p>IZJAVA O POSLANSTVU Smo v prihodnost usmerjena incoming potovalna agencija, katere poslanstvo je na\u0161im strankam ponuditi edinstveno lokalno izku\u0161njo in dodati dejavnosti k na\u0161i lokalni ponudbi. To po\u010dnemo ob spodbujanju kulturnega in okolju prijaznega udejstvovanja prek tesnih povezav z lokalnimi ponudniki. Menimo, da je na\u0161a dol\u017enost, da neposredno sodelujemo z dobavitelji, ... <a href=\"https:\/\/farmstayslovenia.com\/sl\/trajnostni-razvoj\/\">Nadaljevanje<\/a><\/p>","protected":false},"author":47,"featured_media":0,"parent":0,"menu_order":0,"comment_status":"closed","ping_status":"closed","template":"","meta":{"_acf_changed":false,"footnotes":""},"class_list":["post-98","page","type-page","status-publish","hentry"],"acf":{"page_subheading":"A healthy environment is essential to continue our work, which is why we choose sustainable practices and environmentally friendly ways to do it."},"_links":{"self":[{"href":"https:\/\/farmstayslovenia.com\/sl\/wp-json\/wp\/v2\/pages\/98","targetHints":{"allow":["GET"]}}],"collection":[{"href":"https:\/\/farmstayslovenia.com\/sl\/wp-json\/wp\/v2\/pages"}],"about":[{"href":"https:\/\/farmstayslovenia.com\/sl\/wp-json\/wp\/v2\/types\/page"}],"author":[{"embeddable":true,"href":"https:\/\/farmstayslovenia.com\/sl\/wp-json\/wp\/v2\/users\/47"}],"replies":[{"embeddable":true,"href":"https:\/\/farmstayslovenia.com\/sl\/wp-json\/wp\/v2\/comments?post=98"}],"version-history":[{"count":2,"href":"https:\/\/farmstayslovenia.com\/sl\/wp-json\/wp\/v2\/pages\/98\/revisions"}],"predecessor-version":[{"id":166,"href":"https:\/\/farmstayslovenia.com\/sl\/wp-json\/wp\/v2\/pages\/98\/revisions\/166"}],"wp:attachment":[{"href":"https:\/\/farmstayslovenia.com\/sl\/wp-json\/wp\/v2\/media?parent=98"}],"curies":[{"name":"wp","href":"https:\/\/api.w.org\/{rel}","templated":true}]}}