{"id":94,"date":"2022-07-27T12:59:29","date_gmt":"2022-07-27T12:59:29","guid":{"rendered":"https:\/\/farmstayslovenia.com\/?page_id=94"},"modified":"2022-08-08T13:24:04","modified_gmt":"2022-08-08T13:24:04","slug":"pravilnik-o-piskotkih","status":"publish","type":"page","link":"https:\/\/farmstayslovenia.com\/sl\/pravilnik-o-piskotkih\/","title":{"rendered":"Pravilnik o pi\u0161kotkih"},"content":{"rendered":"<h3 class=\"wp-block-heading\">O TEM PRAVILNIKU O PI\u0160KOTKIH.<\/h3>\n\n\n\n<p>Ta pravilnik o pi\u0161kotkih pojasnjuje, kaj so pi\u0161kotki in kako jih uporabljamo. Ta pravilnik morate prebrati, da boste razumeli, kaj so pi\u0161kotki, kako jih uporabljamo, katere vrste pi\u0161kotkov uporabljamo, tj. katere podatke zbiramo s pi\u0161kotki in kako se ti podatki uporabljajo ter kako nadzirati nastavitve pi\u0161kotkov. Ve\u010d informacij o tem, kako uporabljamo, shranjujemo in varujemo va\u0161e osebne podatke, najdete v na\u0161em pravilniku o zasebnosti.<\/p>\n\n\n\n<p>Svojo privolitev lahko kadar koli spremenite ali prekli\u010dete v Izjavi o pi\u0161kotkih na na\u0161em spletnem mestu.<\/p>\n\n\n\n<p>Ve\u010d o tem, kdo smo, kako nas lahko kontaktirate in kako obdelujemo osebne podatke, najdete v na\u0161em pravilniku o zasebnosti.<\/p>\n\n\n\n<p>Va\u0161e soglasje velja za naslednja podro\u010dja:&nbsp;<a href=\"https:\/\/farmstayslovenia.com\/sl\/\">farmlifeslovenia.com<\/a><\/p>\n\n\n\n<p>Va\u0161e trenutno stanje: Soglasje sprejeto. Dovoli vse pi\u0161kotke (Necessary, Non Necessary).&nbsp;<a>Upravljanje soglasja.<\/a><\/p>\n\n\n\n<h3 class=\"wp-block-heading\">KAJ SO PI\u0160KOTKI?<\/h3>\n\n\n\n<p>Pi\u0161kotki so majhne besedilne datoteke, ki se uporabljajo za shranjevanje majhnih informacij. Pi\u0161kotki se shranijo v va\u0161o napravo, ko se spletno mesto nalo\u017ei v brskalnik. Ti pi\u0161kotki nam pomagajo, da spletno mesto pravilno deluje, da je spletno mesto bolj varno, da zagotovimo bolj\u0161o uporabni\u0161ko izku\u0161njo in da razumemo, kako spletno mesto deluje, ter analiziramo, kaj deluje in kje so potrebne izbolj\u0161ave.<\/p>\n\n\n\n<h3 class=\"wp-block-heading\">KAKO UPORABLJAMO PI\u0160KOTKE?<\/h3>\n\n\n\n<p>Kot ve\u010dina spletnih storitev tudi na\u0161e spletno mesto uporablja pi\u0161kotke prve in tretje osebe za razli\u010dne namene. Prvostranski pi\u0161kotki so ve\u010dinoma potrebni za pravilno delovanje spletnega mesta in ne zbirajo nobenih va\u0161ih osebnih podatkov.<\/p>\n\n\n\n<p>Pi\u0161kotki tretjih oseb, ki se uporabljajo na na\u0161ih spletnih mestih, se uporabljajo predvsem za razumevanje delovanja spletnega mesta, va\u0161e interakcije z na\u0161im spletnim mestom, zagotavljanje varnosti na\u0161ih storitev, zagotavljanje oglasov, ki so za vas pomembni, ter za zagotavljanje bolj\u0161e in izbolj\u0161ane uporabni\u0161ke izku\u0161nje in pomo\u010d pri pospe\u0161evanju va\u0161ih prihodnjih interakcij z na\u0161im spletnim mestom.<\/p>\n\n\n\n<h3 class=\"wp-block-heading\">KATERE VRSTE PI\u0160KOTKOV UPORABLJAMO?<\/h3>\n\n\n\n<p>Pi\u0161kotki, ki se uporabljajo na na\u0161em spletnem mestu, so razvr\u0161\u010deni v naslednje kategorije.<\/p>\n\n\n\n<h5 class=\"wp-block-heading\">NUJNO<\/h5>\n\n\n\n<p>To je nujna kategorija.<\/p>\n\n\n\n<h5 class=\"wp-block-heading\">NI NUJNO<\/h5>\n\n\n\n<p>To je nepotrebna kategorija.<\/p>\n\n\n\n<p>Na spodnjem seznamu so navedeni pi\u0161kotki, ki se uporabljajo na na\u0161em spletnem mestu.<\/p>\n\n\n\n<figure class=\"wp-block-table\"><table><thead><tr><th scope=\"col\">COOKIE<\/th><th scope=\"col\">OPIS<\/th><\/tr><\/thead><tbody><tr><th>Potrebno<\/th><\/tr><tr><td>viewed_cookie_policy<\/td><td>Pi\u0161kotek je nastavljen s pomo\u010djo vti\u010dnika GDPR Cookie Consent in se uporablja za shranjevanje podatkov o tem, ali se je uporabnik strinjal z uporabo pi\u0161kotkov ali ne. Ne shranjuje nobenih osebnih podatkov.<\/td><\/tr><tr><td>cookielawinfo-checkbox-necessary<\/td><td>Ta pi\u0161kotek je nastavljen z vti\u010dnikom za soglasje za pi\u0161kotke GDPR. Pi\u0161kotki se uporabljajo za shranjevanje soglasja uporabnika za pi\u0161kotke v kategoriji \"Nujno\".<\/td><\/tr><tr><td>cookielawinfo-checkbox-non-necessary<\/td><td>Ta pi\u0161kotek je nastavljen z vti\u010dnikom za soglasje za pi\u0161kotke GDPR. Pi\u0161kotki se uporabljajo za shranjevanje soglasja uporabnika za pi\u0161kotke v kategoriji \"Nepotrebno\".<\/td><\/tr><tr><th>Ni potrebno<\/th><\/tr><tr><td>test_cookie<\/td><td><\/td><\/tr><\/tbody><\/table><\/figure>\n\n\n\n<h3 class=\"wp-block-heading\">KAKO LAHKO NADZORUJEM NASTAVITVE PI\u0160KOTKOV?<\/h3>\n\n\n\n<p>Nastavitve pi\u0161kotkov lahko urejate tako, da kliknete na gumb \"Nastavitve\" in v skladu s svojimi \u017eeljami omogo\u010dite ali onemogo\u010dite kategorije pi\u0161kotkov v pojavnem oknu.<\/p>\n\n\n\n<p>\u010ce se pozneje med brskanjem odlo\u010dite za spremembo nastavitev, lahko na zaslonu kliknete zavihek \"Pravilnik o zasebnosti in pi\u0161kotkih\". Tako se bo ponovno prikazalo obvestilo o soglasju, ki vam bo omogo\u010dilo, da spremenite svoje nastavitve ali v celoti prekli\u010dete soglasje.<\/p>\n\n\n\n<p>Poleg tega razli\u010dni brskalniki omogo\u010dajo razli\u010dne na\u010dine blokiranja in brisanja pi\u0161kotkov, ki jih uporabljajo spletna mesta. Za blokiranje\/izbris pi\u0161kotkov lahko spremenite nastavitve brskalnika.<\/p>","protected":false},"excerpt":{"rendered":"<p>O TEM PRAVILNIKU O PI\u0160KOTKIH. Ta pravilnik o pi\u0161kotkih pojasnjuje, kaj so pi\u0161kotki in kako jih uporabljamo. To politiko morate prebrati, da boste razumeli, kaj so pi\u0161kotki, kako jih uporabljamo, katere vrste pi\u0161kotkov uporabljamo, tj. katere informacije zbiramo s pi\u0161kotki in kako se te informacije uporabljajo ter kako nadzirati pi\u0161kotke ... <a href=\"https:\/\/farmstayslovenia.com\/sl\/pravilnik-o-piskotkih\/\">Nadaljevanje<\/a><\/p>","protected":false},"author":47,"featured_media":0,"parent":0,"menu_order":0,"comment_status":"closed","ping_status":"closed","template":"","meta":{"_acf_changed":false,"footnotes":""},"class_list":["post-94","page","type-page","status-publish","hentry"],"acf":{"page_subheading":"Understand what cookies are and how do we use them to make your experience on this website more pleasant."},"_links":{"self":[{"href":"https:\/\/farmstayslovenia.com\/sl\/wp-json\/wp\/v2\/pages\/94","targetHints":{"allow":["GET"]}}],"collection":[{"href":"https:\/\/farmstayslovenia.com\/sl\/wp-json\/wp\/v2\/pages"}],"about":[{"href":"https:\/\/farmstayslovenia.com\/sl\/wp-json\/wp\/v2\/types\/page"}],"author":[{"embeddable":true,"href":"https:\/\/farmstayslovenia.com\/sl\/wp-json\/wp\/v2\/users\/47"}],"replies":[{"embeddable":true,"href":"https:\/\/farmstayslovenia.com\/sl\/wp-json\/wp\/v2\/comments?post=94"}],"version-history":[{"count":2,"href":"https:\/\/farmstayslovenia.com\/sl\/wp-json\/wp\/v2\/pages\/94\/revisions"}],"predecessor-version":[{"id":164,"href":"https:\/\/farmstayslovenia.com\/sl\/wp-json\/wp\/v2\/pages\/94\/revisions\/164"}],"wp:attachment":[{"href":"https:\/\/farmstayslovenia.com\/sl\/wp-json\/wp\/v2\/media?parent=94"}],"curies":[{"name":"wp","href":"https:\/\/api.w.org\/{rel}","templated":true}]}}