{"id":82,"date":"2022-07-27T12:58:03","date_gmt":"2022-07-27T12:58:03","guid":{"rendered":"https:\/\/farmstayslovenia.com\/?page_id=82"},"modified":"2022-08-02T13:24:28","modified_gmt":"2022-08-02T13:24:28","slug":"partnerji","status":"publish","type":"page","link":"https:\/\/farmstayslovenia.com\/sl\/partnerji\/","title":{"rendered":"Partnerji"},"content":{"rendered":"<h3 class=\"wp-block-heading\"><a href=\"https:\/\/winetastingbled.com\/\" target=\"_blank\" rel=\"noreferrer noopener\">DEGUSTACIJA VINA BLED<\/a><\/h3>\n\n\n\n<p>Spoznajte slovenska vina na pravi na\u010din. Okusite 7 najbolj\u0161ih slovenskih vin iz razli\u010dnih vinorodnih okoli\u0161ev in se v 100 let stari vinski kleti seznanite z znanimi dejstvi o vinu!<\/p>\n\n\n\n<h3 class=\"wp-block-heading\"><a href=\"https:\/\/winetastingljubljana.com\/\" target=\"_blank\" rel=\"noreferrer noopener\">DEGUSTACIJA VIN LJUBLJANA<\/a><\/h3>\n\n\n\n<p>U\u017eivajte v degustaciji 7 najbolj\u0161ih lokalnih vin iz razli\u010dnih vinorodnih okoli\u0161ev Slovenije v osr\u010dju na\u0161ega glavnega mesta Ljubljane.<\/p>\n\n\n\n<h3 class=\"wp-block-heading\"><a href=\"https:\/\/gallantadventuresalaska.com\/\" target=\"_blank\" rel=\"noreferrer noopener\">GALANTNE PUSTOLOV\u0160\u010cINE<\/a><\/h3>\n\n\n\n<p>Do\u017eivite enega najbolj neverjetnih krajev na svetu z najbolj\u0161im podjetjem za opazovanje kitov in divjih \u017eivali v Sitki na Aljaski!<\/p>\n\n\n\n<h3 class=\"wp-block-heading\"><a href=\"https:\/\/slocally.com\/\" target=\"_blank\" rel=\"noreferrer noopener\">SLOCALLY<\/a><\/h3>\n\n\n\n<p>Nastanite se v Herbal Rooms Homestay in odkrijte dolino So\u010de in sosednje regije. Ta kraj se nahaja med Julijskimi Alpami in Sredozemskim morjem, z lokalnimi do\u017eivetji.<\/p>","protected":false},"excerpt":{"rendered":"<p>Degustacija vin BLED Spoznajte slovenska vina na pravi na\u010din. Okusite 7 najbolj\u0161ih slovenskih vin iz razli\u010dnih vinorodnih okoli\u0161ev in se v 100 let stari vinski kleti seznanite z obveznimi znanji o vinu! VINSKA DEGUSTACIJA LJUBLJANA U\u017eivajte v degustaciji 7 najbolj\u0161ih lokalnih vin iz razli\u010dnih vinorodnih okoli\u0161ev Slovenije v osr\u010dju na\u0161ega glavnega mesta Ljubljane. ... <a href=\"https:\/\/farmstayslovenia.com\/sl\/partnerji\/\">Nadaljevanje<\/a><\/p>","protected":false},"author":47,"featured_media":0,"parent":0,"menu_order":0,"comment_status":"closed","ping_status":"closed","template":"","meta":{"_acf_changed":false,"footnotes":""},"class_list":["post-82","page","type-page","status-publish","hentry"],"acf":{"page_subheading":"We are stronger together."},"_links":{"self":[{"href":"https:\/\/farmstayslovenia.com\/sl\/wp-json\/wp\/v2\/pages\/82","targetHints":{"allow":["GET"]}}],"collection":[{"href":"https:\/\/farmstayslovenia.com\/sl\/wp-json\/wp\/v2\/pages"}],"about":[{"href":"https:\/\/farmstayslovenia.com\/sl\/wp-json\/wp\/v2\/types\/page"}],"author":[{"embeddable":true,"href":"https:\/\/farmstayslovenia.com\/sl\/wp-json\/wp\/v2\/users\/47"}],"replies":[{"embeddable":true,"href":"https:\/\/farmstayslovenia.com\/sl\/wp-json\/wp\/v2\/comments?post=82"}],"version-history":[{"count":0,"href":"https:\/\/farmstayslovenia.com\/sl\/wp-json\/wp\/v2\/pages\/82\/revisions"}],"wp:attachment":[{"href":"https:\/\/farmstayslovenia.com\/sl\/wp-json\/wp\/v2\/media?parent=82"}],"curies":[{"name":"wp","href":"https:\/\/api.w.org\/{rel}","templated":true}]}}