{"id":94,"date":"2022-07-27T12:59:29","date_gmt":"2022-07-27T12:59:29","guid":{"rendered":"https:\/\/farmstayslovenia.com\/?page_id=94"},"modified":"2022-08-08T13:24:04","modified_gmt":"2022-08-08T13:24:04","slug":"politica-de-cookies","status":"publish","type":"page","link":"https:\/\/farmstayslovenia.com\/es\/politica-de-cookies\/","title":{"rendered":"Pol\u00edtica de cookies"},"content":{"rendered":"<h3 class=\"wp-block-heading\">SOBRE ESTA POL\u00cdTICA DE COOKIES.<\/h3>\n\n\n\n<p>Esta Pol\u00edtica de Cookies explica qu\u00e9 son las cookies y c\u00f3mo las utilizamos. Debe leer esta pol\u00edtica para entender qu\u00e9 son las cookies, c\u00f3mo las utilizamos, los tipos de cookies que utilizamos, es decir, la informaci\u00f3n que recopilamos utilizando cookies y c\u00f3mo se utiliza esa informaci\u00f3n y c\u00f3mo controlar las preferencias de cookies. Para m\u00e1s informaci\u00f3n sobre c\u00f3mo utilizamos, almacenamos y mantenemos seguros sus datos personales, consulte nuestra Pol\u00edtica de privacidad.<\/p>\n\n\n\n<p>En cualquier momento puede modificar o retirar su consentimiento en la Declaraci\u00f3n de Cookies de nuestro sitio web.<\/p>\n\n\n\n<p>Obtenga m\u00e1s informaci\u00f3n sobre qui\u00e9nes somos, c\u00f3mo puede ponerse en contacto con nosotros y c\u00f3mo tratamos los datos personales en nuestra Pol\u00edtica de privacidad.<\/p>\n\n\n\n<p>Su consentimiento se aplica a los siguientes dominios:&nbsp;<a href=\"https:\/\/farmstayslovenia.com\/es\/\">farmlifeslovenia.com<\/a><\/p>\n\n\n\n<p>Su estado actual: Consentimiento Aceptado. Permitir todas las cookies (Necesarias, No necesarias).&nbsp;<a>Gestione su consentimiento.<\/a><\/p>\n\n\n\n<h3 class=\"wp-block-heading\">\u00bfQU\u00c9 SON LAS COOKIES?<\/h3>\n\n\n\n<p>Las cookies son peque\u00f1os archivos de texto que se utilizan para almacenar peque\u00f1as piezas de informaci\u00f3n. Las cookies se almacenan en su dispositivo cuando se carga el sitio web en su navegador. Estas cookies nos ayudan a hacer que el sitio web funcione correctamente, a que el sitio web sea m\u00e1s seguro, a proporcionar una mejor experiencia de usuario y a entender c\u00f3mo funciona el sitio web y analizar qu\u00e9 funciona y en qu\u00e9 aspectos necesita mejoras.<\/p>\n\n\n\n<h3 class=\"wp-block-heading\">\u00bfC\u00d3MO UTILIZAMOS LAS COOKIES?<\/h3>\n\n\n\n<p>Como la mayor\u00eda de los servicios en l\u00ednea, nuestro sitio web utiliza cookies propias y de terceros para diversos fines. Las cookies de origen son en su mayor\u00eda necesarias para que el sitio web funcione correctamente y no recopilan ning\u00fan dato personal identificable.<\/p>\n\n\n\n<p>Las cookies de terceros utilizadas en nuestros sitios web se emplean principalmente para comprender el funcionamiento del sitio web, c\u00f3mo interact\u00faa usted con nuestro sitio web, mantener la seguridad de nuestros servicios, ofrecer anuncios que sean relevantes para usted y, en definitiva, proporcionarle una experiencia de usuario mejor y m\u00e1s r\u00e1pida y ayudarle a agilizar sus futuras interacciones con nuestro sitio web.<\/p>\n\n\n\n<h3 class=\"wp-block-heading\">\u00bfQU\u00c9 TIPOS DE COOKIES UTILIZAMOS?<\/h3>\n\n\n\n<p>Las cookies utilizadas en nuestro sitio web se agrupan en las siguientes categor\u00edas.<\/p>\n\n\n\n<h5 class=\"wp-block-heading\">NECESARIO<\/h5>\n\n\n\n<p>Se trata de una categor\u00eda necesaria.<\/p>\n\n\n\n<h5 class=\"wp-block-heading\">NO NECESARIO<\/h5>\n\n\n\n<p>Se trata de una categor\u00eda no necesaria.<\/p>\n\n\n\n<p>La siguiente lista detalla las cookies utilizadas en nuestro sitio web.<\/p>\n\n\n\n<figure class=\"wp-block-table\"><table><thead><tr><th scope=\"col\">COOKIE<\/th><th scope=\"col\">DESCRIPCI\u00d3N<\/th><\/tr><\/thead><tbody><tr><th>Necesario<\/th><\/tr><tr><td>viewed_cookie_policy<\/td><td>La cookie es establecida por el plugin GDPR Cookie Consent y se utiliza para almacenar si el usuario ha consentido o no el uso de cookies. No almacena ning\u00fan dato personal.<\/td><\/tr><tr><td>cookielawinfo-checkbox-necessary<\/td><td>Esta cookie es establecida por el plugin GDPR Cookie Consent. Las cookies se utilizan para almacenar el consentimiento del usuario para las cookies en la categor\u00eda \"Necesario\".<\/td><\/tr><tr><td>cookielawinfo-checkbox-non-necessary<\/td><td>Esta cookie es establecida por el plugin GDPR Cookie Consent. Las cookies se utilizan para almacenar el consentimiento del usuario para las cookies de la categor\u00eda \"No necesarias\".<\/td><\/tr><tr><th>No es necesario<\/th><\/tr><tr><td>cookie_de_prueba<\/td><td><\/td><\/tr><\/tbody><\/table><\/figure>\n\n\n\n<h3 class=\"wp-block-heading\">\u00bfC\u00d3MO PUEDO CONTROLAR LAS PREFERENCIAS DE COOKIES?<\/h3>\n\n\n\n<p>Puede gestionar sus preferencias de cookies haciendo clic en el bot\u00f3n \"Configuraci\u00f3n\" y activando o desactivando las categor\u00edas de cookies en la ventana emergente seg\u00fan sus preferencias.<\/p>\n\n\n\n<p>Si decide cambiar sus preferencias m\u00e1s adelante durante su sesi\u00f3n de navegaci\u00f3n, puede hacer clic en la pesta\u00f1a \"Pol\u00edtica de privacidad y cookies\" de su pantalla. Aparecer\u00e1 de nuevo el aviso de consentimiento, que le permitir\u00e1 cambiar sus preferencias o retirar totalmente su consentimiento.<\/p>\n\n\n\n<p>Adem\u00e1s, los distintos navegadores ofrecen diferentes m\u00e9todos para bloquear y eliminar las cookies utilizadas por los sitios web. Puede cambiar la configuraci\u00f3n de su navegador para bloquear\/eliminar las cookies.<\/p>","protected":false},"excerpt":{"rendered":"<p>ACERCA DE ESTA POL\u00cdTICA DE COOKIES. Esta Pol\u00edtica de Cookies explica qu\u00e9 son las cookies y c\u00f3mo las utilizamos. Debe leer esta pol\u00edtica para entender qu\u00e9 son las cookies, c\u00f3mo las utilizamos, los tipos de cookies que utilizamos es decir, la informaci\u00f3n que recopilamos utilizando cookies y c\u00f3mo se utiliza esa informaci\u00f3n y c\u00f3mo controlar las cookies.... <a href=\"https:\/\/farmstayslovenia.com\/es\/politica-de-cookies\/\">Contin\u00faa en<\/a><\/p>","protected":false},"author":47,"featured_media":0,"parent":0,"menu_order":0,"comment_status":"closed","ping_status":"closed","template":"","meta":{"_acf_changed":false,"footnotes":""},"class_list":["post-94","page","type-page","status-publish","hentry"],"acf":{"page_subheading":"Understand what cookies are and how do we use them to make your experience on this website more pleasant."},"_links":{"self":[{"href":"https:\/\/farmstayslovenia.com\/es\/wp-json\/wp\/v2\/pages\/94","targetHints":{"allow":["GET"]}}],"collection":[{"href":"https:\/\/farmstayslovenia.com\/es\/wp-json\/wp\/v2\/pages"}],"about":[{"href":"https:\/\/farmstayslovenia.com\/es\/wp-json\/wp\/v2\/types\/page"}],"author":[{"embeddable":true,"href":"https:\/\/farmstayslovenia.com\/es\/wp-json\/wp\/v2\/users\/47"}],"replies":[{"embeddable":true,"href":"https:\/\/farmstayslovenia.com\/es\/wp-json\/wp\/v2\/comments?post=94"}],"version-history":[{"count":2,"href":"https:\/\/farmstayslovenia.com\/es\/wp-json\/wp\/v2\/pages\/94\/revisions"}],"predecessor-version":[{"id":164,"href":"https:\/\/farmstayslovenia.com\/es\/wp-json\/wp\/v2\/pages\/94\/revisions\/164"}],"wp:attachment":[{"href":"https:\/\/farmstayslovenia.com\/es\/wp-json\/wp\/v2\/media?parent=94"}],"curies":[{"name":"wp","href":"https:\/\/api.w.org\/{rel}","templated":true}]}}