{"id":82,"date":"2022-07-27T12:58:03","date_gmt":"2022-07-27T12:58:03","guid":{"rendered":"https:\/\/farmstayslovenia.com\/?page_id=82"},"modified":"2022-08-02T13:24:28","modified_gmt":"2022-08-02T13:24:28","slug":"socios","status":"publish","type":"page","link":"https:\/\/farmstayslovenia.com\/es\/socios\/","title":{"rendered":"Socios"},"content":{"rendered":"<h3 class=\"wp-block-heading\"><a href=\"https:\/\/winetastingbled.com\/\" target=\"_blank\" rel=\"noreferrer noopener\">CATA DE VINOS BLED<\/a><\/h3>\n\n\n\n<p>Conozca los vinos eslovenos de la forma correcta. Pruebe 7 de los mejores vinos eslovenos de diferentes regiones vin\u00edcolas y conozca datos imprescindibles sobre el vino en una bodega centenaria.<\/p>\n\n\n\n<h3 class=\"wp-block-heading\"><a href=\"https:\/\/winetastingljubljana.com\/\" target=\"_blank\" rel=\"noreferrer noopener\">CATA DE VINOS EN LJUBLJANA<\/a><\/h3>\n\n\n\n<p>Disfrute de la degustaci\u00f3n de 7 de los mejores vinos locales de diferentes regiones vin\u00edcolas de Eslovenia en el coraz\u00f3n de nuestra capital, Liubliana.<\/p>\n\n\n\n<h3 class=\"wp-block-heading\"><a href=\"https:\/\/gallantadventuresalaska.com\/\" target=\"_blank\" rel=\"noreferrer noopener\">AVENTURAS GALANTES<\/a><\/h3>\n\n\n\n<p>Disfrute de uno de los lugares m\u00e1s asombrosos del mundo con la mejor compa\u00f1\u00eda de avistamiento de ballenas y fauna salvaje de Sitka, Alaska.<\/p>\n\n\n\n<h3 class=\"wp-block-heading\"><a href=\"https:\/\/slocally.com\/\" target=\"_blank\" rel=\"noreferrer noopener\">SLOCALLY<\/a><\/h3>\n\n\n\n<p>Al\u00f3jese en Herbal Rooms Homestay y descubra el valle de So\u010da y las regiones vecinas. Este lugar est\u00e1 enclavado entre los Alpes Julianos y el mar Mediterr\u00e1neo, a trav\u00e9s de experiencias locales.<\/p>","protected":false},"excerpt":{"rendered":"<p>DEGUSTACI\u00d3N DE VINOS Conozca los vinos eslovenos de la forma correcta. Deguste 7 de los mejores vinos eslovenos de diferentes regiones vin\u00edcolas y aprenda datos imprescindibles sobre el vino en una bodega de 100 a\u00f1os de antig\u00fcedad. CATA DE VINOS LJUBLJANA Disfrute de la cata de 7 de los mejores vinos locales de diferentes regiones vin\u00edcolas de Eslovenia en el coraz\u00f3n de nuestra capital, Liubliana. ... <a href=\"https:\/\/farmstayslovenia.com\/es\/socios\/\">Contin\u00faa en<\/a><\/p>","protected":false},"author":47,"featured_media":0,"parent":0,"menu_order":0,"comment_status":"closed","ping_status":"closed","template":"","meta":{"_acf_changed":false,"footnotes":""},"class_list":["post-82","page","type-page","status-publish","hentry"],"acf":{"page_subheading":"We are stronger together."},"_links":{"self":[{"href":"https:\/\/farmstayslovenia.com\/es\/wp-json\/wp\/v2\/pages\/82","targetHints":{"allow":["GET"]}}],"collection":[{"href":"https:\/\/farmstayslovenia.com\/es\/wp-json\/wp\/v2\/pages"}],"about":[{"href":"https:\/\/farmstayslovenia.com\/es\/wp-json\/wp\/v2\/types\/page"}],"author":[{"embeddable":true,"href":"https:\/\/farmstayslovenia.com\/es\/wp-json\/wp\/v2\/users\/47"}],"replies":[{"embeddable":true,"href":"https:\/\/farmstayslovenia.com\/es\/wp-json\/wp\/v2\/comments?post=82"}],"version-history":[{"count":0,"href":"https:\/\/farmstayslovenia.com\/es\/wp-json\/wp\/v2\/pages\/82\/revisions"}],"wp:attachment":[{"href":"https:\/\/farmstayslovenia.com\/es\/wp-json\/wp\/v2\/media?parent=82"}],"curies":[{"name":"wp","href":"https:\/\/api.w.org\/{rel}","templated":true}]}}